{"id":1324,"date":"2022-04-26T13:33:04","date_gmt":"2022-04-26T11:33:04","guid":{"rendered":"https:\/\/www.cec-belgium.org\/politique-de-confidentialite\/"},"modified":"2024-10-20T23:49:03","modified_gmt":"2024-10-20T21:49:03","slug":"politique-de-confidentialite","status":"publish","type":"page","link":"https:\/\/www.cec-belgium.org\/nl\/politique-de-confidentialite\/","title":{"rendered":"Privacy beleid"},"content":{"rendered":"<p>[et_pb_section fb_built=&#8221;1&#8243; admin_label=&#8221;section&#8221; _builder_version=&#8221;4.16&#8243; global_colors_info=&#8221;{}&#8221;][et_pb_row admin_label=&#8221;row&#8221; _builder_version=&#8221;4.16&#8243; background_size=&#8221;initial&#8221; background_position=&#8221;top_left&#8221; background_repeat=&#8221;repeat&#8221; global_colors_info=&#8221;{}&#8221;][et_pb_column type=&#8221;4_4&#8243; _builder_version=&#8221;4.16&#8243; custom_padding=&#8221;|||&#8221; global_colors_info=&#8221;{}&#8221; custom_padding__hover=&#8221;|||&#8221;][et_pb_text admin_label=&#8221;Text&#8221; _builder_version=&#8221;4.27.2&#8243; background_size=&#8221;initial&#8221; background_position=&#8221;top_left&#8221; background_repeat=&#8221;repeat&#8221; hover_enabled=&#8221;0&#8243; global_colors_info=&#8221;{}&#8221; sticky_enabled=&#8221;0&#8243;]<\/p>\n<p>&nbsp;<\/p>\n<h2>Cookies \u200d<\/h2>\n<p>Zodra u op onze website komt, informeren we u over ons cookiebeleid via de Cookie Notice &amp; Compliance for GDPR \/ CCPA-service. Als u ermee instemt, kunnen we een Google Analytics-cookie op onze website plaatsen om de bezoekfrequentie te meten.<\/p>\n<p>Deze surfgegevens worden geanonimiseerd. Door op \u201cOK voor mij\u201d te klikken, geeft u toestemming om deze cookies voor een periode van 6 maanden te plaatsen.<\/p>\n<p>&nbsp;<\/p>\n<h2>Gebruik en opslag van persoonsgegevens verzameld via formulieren<\/h2>\n<p>Gebruikers die zich via de formulieren \u201cContact\u201d, \u201cKandidaatstelling\u201d of \u201cDeelnemer\u201d op de website registreren, geven de CEC toestemming om de persoonsgegevens die via de Monday-tool werden verstrekt te verwerken teneinde te kunnen reageren op de verzoeken die de gebruiker langs die weg heeft ingediend. De verzamelde gegevens zullen worden doorgegeven aan de vrijwilligers, medewerkers en dienstverleners van de CEC die instaan voor het administratieve beheer en de opvolging van de kandidaatstellingen. De gegevens worden bewaard gedurende de tijd die nodig is om de ingediende aanvraag te verwerken en tot maximaal 24 maanden, tenzij de kandidaatstelling wordt aanvaard; in dat geval wordt de gebruiker hier meteen van op de hoogte gebracht.<\/p>\n<p>Om een rectificatie, wijziging of verwijdering van uw persoonsgegevens aan te vragen, kunt u contact opnemen met de CEC op het volgende adres: team@cec-belgiumh.org met als e-mailonderwerp: \u201cVerzoek tot wijziging van persoonsgegevens\u201d.<\/p>\n<p>Pour toute demande de rectification, modification ou suppression de vos informations personnelles, veuillez vous adresser \u00e0 l\u2019association CEC \u00e0 l\u2019adresse suivante : team@cec-belgium.org avec objet d\u2019email : \u201cDemande de modification d\u2019informations personnelles\u201d<\/p>\n<p>&nbsp;<\/p>\n<p>[\/et_pb_text][\/et_pb_column][\/et_pb_row][\/et_pb_section]<\/p>\n","protected":false},"excerpt":{"rendered":"<p>&nbsp; Cookies \u200d Zodra u op onze website komt, informeren we u over ons cookiebeleid via de Cookie Notice &amp; Compliance for GDPR \/ CCPA-service. Als u ermee instemt, kunnen we een Google Analytics-cookie op onze website plaatsen om de bezoekfrequentie te meten. Deze surfgegevens worden geanonimiseerd. Door op \u201cOK voor mij\u201d te klikken, geeft u toestemming om deze cookies voor een periode van 6 maanden te plaatsen. &nbsp; Gebruik en opslag van persoonsgegevens verzameld via formulieren Gebruikers die zich via de formulieren \u201cContact\u201d, \u201cKandidaatstelling\u201d of \u201cDeelnemer\u201d op de website registreren, geven de CEC toestemming om de persoonsgegevens die via de Monday-tool werden verstrekt te verwerken teneinde te kunnen reageren op de verzoeken die de gebruiker langs die weg heeft ingediend. De verzamelde gegevens zullen worden doorgegeven aan de vrijwilligers, medewerkers en dienstverleners van de CEC die instaan voor het administratieve beheer en de opvolging van de kandidaatstellingen. De gegevens worden bewaard gedurende de tijd die nodig is om de ingediende aanvraag te verwerken en tot maximaal 24 maanden, tenzij de kandidaatstelling wordt aanvaard; in dat geval wordt de gebruiker hier meteen van op de hoogte gebracht. Om een rectificatie, wijziging of verwijdering van uw persoonsgegevens aan te vragen, kunt [&hellip;]<\/p>\n","protected":false},"author":1,"featured_media":0,"parent":0,"menu_order":1000,"comment_status":"closed","ping_status":"closed","template":"","meta":{"_et_pb_use_builder":"on","_et_pb_old_content":"<h2><\/h2>\r\n<h2>Cookies \u200d<\/h2>\r\nLors de votre arriv\u00e9e sur notre site, nous vous tenons au courant de notre politique de cookies via le service Cookie Notice &amp; Compliance for GDPR \/ CCPA. Si vous l\u2019avez accept\u00e9, nous pouvons d\u00e9poser un cookie Google Analytics de suivi de navigation sur notre site afin de mesurer l\u2019audience du site.\r\n\r\nCes donn\u00e9es de navigation sont anonymis\u00e9es. En cliquant sur \u00ab OK pour moi \u00bb, vous manifestez votre consentement pour le d\u00e9p\u00f4t de ces cookies pour une dur\u00e9e de 6 mois. \u200d\r\n\r\n&nbsp;\r\n<h2>Utilisation et stockage des donn\u00e9es personnelles collect\u00e9es via les formulaires<\/h2>\r\nLes utilisateurs et utilisatrices qui s\u2019inscrivent via l\u2019un des formulaires \u201cContact\u201d, \u201cCandidature\u201d ou \u201cParticipant\u201d du site autorisent la CEC \u00e0 traiter les informations personnelles qui y sont renseign\u00e9es via l\u2019outil Monday afin de r\u00e9pondre aux demandes ainsi soumises par l\u2019utilisateur. Les donn\u00e9es collect\u00e9es seront communiqu\u00e9es aux b\u00e9n\u00e9voles, salari\u00e9s et prestataires de la CEC en charge de la gestion administrative et du suivi des candidatures. Les donn\u00e9es seront conserv\u00e9es pendant le temps n\u00e9cessaire au traitement de la demande transmise et jusqu\u2019\u00e0 24 mois maximum, except\u00e9 si la candidature est retenue auquel cas l\u2019utilisateur en sera inform\u00e9 directement.\r\n\r\nPour toute demande de rectification, modification ou suppression de vos informations personnelles, veuillez vous adresser \u00e0 l\u2019association CEC \u00e0 l\u2019adresse suivante : team@cec-belgium.org avec objet d\u2019email : \u201cDemande de modification d\u2019informations personnelles\u201d\r\n\r\n&nbsp;","_et_gb_content_width":"","inline_featured_image":false,"footnotes":""},"class_list":["post-1324","page","type-page","status-publish","hentry"],"yoast_head":"<!-- This site is optimized with the Yoast SEO plugin v27.5 - https:\/\/yoast.com\/product\/yoast-seo-wordpress\/ -->\n<title>Privacy beleid | CEC Belgium<\/title>\n<meta name=\"robots\" content=\"index, follow, max-snippet:-1, max-image-preview:large, max-video-preview:-1\" \/>\n<link rel=\"canonical\" href=\"https:\/\/www.cec-belgium.org\/nl\/politique-de-confidentialite\/\" \/>\n<meta property=\"og:locale\" content=\"nl_NL\" \/>\n<meta property=\"og:type\" content=\"article\" \/>\n<meta property=\"og:title\" content=\"Privacy beleid | CEC Belgium\" \/>\n<meta property=\"og:description\" content=\"&nbsp; Cookies \u200d Zodra u op onze website komt, informeren we u over ons cookiebeleid via de Cookie Notice &amp; Compliance for GDPR \/ CCPA-service. Als u ermee instemt, kunnen we een Google Analytics-cookie op onze website plaatsen om de bezoekfrequentie te meten. Deze surfgegevens worden geanonimiseerd. Door op \u201cOK voor mij\u201d te klikken, geeft u toestemming om deze cookies voor een periode van 6 maanden te plaatsen. &nbsp; Gebruik en opslag van persoonsgegevens verzameld via formulieren Gebruikers die zich via de formulieren \u201cContact\u201d, \u201cKandidaatstelling\u201d of \u201cDeelnemer\u201d op de website registreren, geven de CEC toestemming om de persoonsgegevens die via de Monday-tool werden verstrekt te verwerken teneinde te kunnen reageren op de verzoeken die de gebruiker langs die weg heeft ingediend. De verzamelde gegevens zullen worden doorgegeven aan de vrijwilligers, medewerkers en dienstverleners van de CEC die instaan voor het administratieve beheer en de opvolging van de kandidaatstellingen. De gegevens worden bewaard gedurende de tijd die nodig is om de ingediende aanvraag te verwerken en tot maximaal 24 maanden, tenzij de kandidaatstelling wordt aanvaard; in dat geval wordt de gebruiker hier meteen van op de hoogte gebracht. Om een rectificatie, wijziging of verwijdering van uw persoonsgegevens aan te vragen, kunt [&hellip;]\" \/>\n<meta property=\"og:url\" content=\"https:\/\/www.cec-belgium.org\/nl\/politique-de-confidentialite\/\" \/>\n<meta property=\"og:site_name\" content=\"CEC Belgium\" \/>\n<meta property=\"article:modified_time\" content=\"2024-10-20T21:49:03+00:00\" \/>\n<meta name=\"twitter:card\" content=\"summary_large_image\" \/>\n<meta name=\"twitter:label1\" content=\"Geschatte leestijd\" \/>\n\t<meta name=\"twitter:data1\" content=\"2 minuten\" \/>\n<script type=\"application\/ld+json\" class=\"yoast-schema-graph\">{\"@context\":\"https:\\\/\\\/schema.org\",\"@graph\":[{\"@type\":\"WebPage\",\"@id\":\"https:\\\/\\\/www.cec-belgium.org\\\/nl\\\/politique-de-confidentialite\\\/\",\"url\":\"https:\\\/\\\/www.cec-belgium.org\\\/nl\\\/politique-de-confidentialite\\\/\",\"name\":\"Privacy beleid | CEC Belgium\",\"isPartOf\":{\"@id\":\"https:\\\/\\\/www.cec-belgium.org\\\/#website\"},\"datePublished\":\"2022-04-26T11:33:04+00:00\",\"dateModified\":\"2024-10-20T21:49:03+00:00\",\"breadcrumb\":{\"@id\":\"https:\\\/\\\/www.cec-belgium.org\\\/nl\\\/politique-de-confidentialite\\\/#breadcrumb\"},\"inLanguage\":\"nl-NL\",\"potentialAction\":[{\"@type\":\"ReadAction\",\"target\":[\"https:\\\/\\\/www.cec-belgium.org\\\/nl\\\/politique-de-confidentialite\\\/\"]}]},{\"@type\":\"BreadcrumbList\",\"@id\":\"https:\\\/\\\/www.cec-belgium.org\\\/nl\\\/politique-de-confidentialite\\\/#breadcrumb\",\"itemListElement\":[{\"@type\":\"ListItem\",\"position\":1,\"name\":\"Accueil\",\"item\":\"https:\\\/\\\/www.cec-belgium.org\\\/nl\\\/\"},{\"@type\":\"ListItem\",\"position\":2,\"name\":\"Privacy beleid\"}]},{\"@type\":\"WebSite\",\"@id\":\"https:\\\/\\\/www.cec-belgium.org\\\/#website\",\"url\":\"https:\\\/\\\/www.cec-belgium.org\\\/\",\"name\":\"CEC Belgium\",\"description\":\"\",\"potentialAction\":[{\"@type\":\"SearchAction\",\"target\":{\"@type\":\"EntryPoint\",\"urlTemplate\":\"https:\\\/\\\/www.cec-belgium.org\\\/?s={search_term_string}\"},\"query-input\":{\"@type\":\"PropertyValueSpecification\",\"valueRequired\":true,\"valueName\":\"search_term_string\"}}],\"inLanguage\":\"nl-NL\"}]}<\/script>\n<!-- \/ Yoast SEO plugin. -->","yoast_head_json":{"title":"Privacy beleid | CEC Belgium","robots":{"index":"index","follow":"follow","max-snippet":"max-snippet:-1","max-image-preview":"max-image-preview:large","max-video-preview":"max-video-preview:-1"},"canonical":"https:\/\/www.cec-belgium.org\/nl\/politique-de-confidentialite\/","og_locale":"nl_NL","og_type":"article","og_title":"Privacy beleid | CEC Belgium","og_description":"&nbsp; Cookies \u200d Zodra u op onze website komt, informeren we u over ons cookiebeleid via de Cookie Notice &amp; Compliance for GDPR \/ CCPA-service. Als u ermee instemt, kunnen we een Google Analytics-cookie op onze website plaatsen om de bezoekfrequentie te meten. Deze surfgegevens worden geanonimiseerd. Door op \u201cOK voor mij\u201d te klikken, geeft u toestemming om deze cookies voor een periode van 6 maanden te plaatsen. &nbsp; Gebruik en opslag van persoonsgegevens verzameld via formulieren Gebruikers die zich via de formulieren \u201cContact\u201d, \u201cKandidaatstelling\u201d of \u201cDeelnemer\u201d op de website registreren, geven de CEC toestemming om de persoonsgegevens die via de Monday-tool werden verstrekt te verwerken teneinde te kunnen reageren op de verzoeken die de gebruiker langs die weg heeft ingediend. De verzamelde gegevens zullen worden doorgegeven aan de vrijwilligers, medewerkers en dienstverleners van de CEC die instaan voor het administratieve beheer en de opvolging van de kandidaatstellingen. De gegevens worden bewaard gedurende de tijd die nodig is om de ingediende aanvraag te verwerken en tot maximaal 24 maanden, tenzij de kandidaatstelling wordt aanvaard; in dat geval wordt de gebruiker hier meteen van op de hoogte gebracht. Om een rectificatie, wijziging of verwijdering van uw persoonsgegevens aan te vragen, kunt [&hellip;]","og_url":"https:\/\/www.cec-belgium.org\/nl\/politique-de-confidentialite\/","og_site_name":"CEC Belgium","article_modified_time":"2024-10-20T21:49:03+00:00","twitter_card":"summary_large_image","twitter_misc":{"Geschatte leestijd":"2 minuten"},"schema":{"@context":"https:\/\/schema.org","@graph":[{"@type":"WebPage","@id":"https:\/\/www.cec-belgium.org\/nl\/politique-de-confidentialite\/","url":"https:\/\/www.cec-belgium.org\/nl\/politique-de-confidentialite\/","name":"Privacy beleid | CEC Belgium","isPartOf":{"@id":"https:\/\/www.cec-belgium.org\/#website"},"datePublished":"2022-04-26T11:33:04+00:00","dateModified":"2024-10-20T21:49:03+00:00","breadcrumb":{"@id":"https:\/\/www.cec-belgium.org\/nl\/politique-de-confidentialite\/#breadcrumb"},"inLanguage":"nl-NL","potentialAction":[{"@type":"ReadAction","target":["https:\/\/www.cec-belgium.org\/nl\/politique-de-confidentialite\/"]}]},{"@type":"BreadcrumbList","@id":"https:\/\/www.cec-belgium.org\/nl\/politique-de-confidentialite\/#breadcrumb","itemListElement":[{"@type":"ListItem","position":1,"name":"Accueil","item":"https:\/\/www.cec-belgium.org\/nl\/"},{"@type":"ListItem","position":2,"name":"Privacy beleid"}]},{"@type":"WebSite","@id":"https:\/\/www.cec-belgium.org\/#website","url":"https:\/\/www.cec-belgium.org\/","name":"CEC Belgium","description":"","potentialAction":[{"@type":"SearchAction","target":{"@type":"EntryPoint","urlTemplate":"https:\/\/www.cec-belgium.org\/?s={search_term_string}"},"query-input":{"@type":"PropertyValueSpecification","valueRequired":true,"valueName":"search_term_string"}}],"inLanguage":"nl-NL"}]}},"_links":{"self":[{"href":"https:\/\/www.cec-belgium.org\/nl\/wp-json\/wp\/v2\/pages\/1324","targetHints":{"allow":["GET"]}}],"collection":[{"href":"https:\/\/www.cec-belgium.org\/nl\/wp-json\/wp\/v2\/pages"}],"about":[{"href":"https:\/\/www.cec-belgium.org\/nl\/wp-json\/wp\/v2\/types\/page"}],"author":[{"embeddable":true,"href":"https:\/\/www.cec-belgium.org\/nl\/wp-json\/wp\/v2\/users\/1"}],"replies":[{"embeddable":true,"href":"https:\/\/www.cec-belgium.org\/nl\/wp-json\/wp\/v2\/comments?post=1324"}],"version-history":[{"count":4,"href":"https:\/\/www.cec-belgium.org\/nl\/wp-json\/wp\/v2\/pages\/1324\/revisions"}],"predecessor-version":[{"id":1403,"href":"https:\/\/www.cec-belgium.org\/nl\/wp-json\/wp\/v2\/pages\/1324\/revisions\/1403"}],"wp:attachment":[{"href":"https:\/\/www.cec-belgium.org\/nl\/wp-json\/wp\/v2\/media?parent=1324"}],"curies":[{"name":"wp","href":"https:\/\/api.w.org\/{rel}","templated":true}]}}