{"id":1323,"date":"2022-08-19T14:10:33","date_gmt":"2022-08-19T12:10:33","guid":{"rendered":"https:\/\/www.cec-belgium.org\/mentions-legales\/"},"modified":"2026-03-03T09:41:39","modified_gmt":"2026-03-03T08:41:39","slug":"mentions-legales","status":"publish","type":"page","link":"https:\/\/www.cec-belgium.org\/nl\/mentions-legales\/","title":{"rendered":"Mentions l\u00e9gales"},"content":{"rendered":"<p>[et_pb_section fb_built=&#8221;1&#8243; _builder_version=&#8221;4.27.0&#8243; _module_preset=&#8221;034606c6-129b-4ebd-8680-be801f49a5b8&#8243; background_color=&#8221;gcid-primary-color&#8221; custom_margin=&#8221;1px||||false|false&#8221; locked=&#8221;off&#8221; global_colors_info=&#8221;{%22gcid-primary-color%22:%91%22background_color%22%93}&#8221;][et_pb_row make_equal=&#8221;on&#8221; _builder_version=&#8221;4.27.5&#8243; _module_preset=&#8221;default&#8221; hover_enabled=&#8221;0&#8243; global_colors_info=&#8221;{}&#8221; sticky_enabled=&#8221;0&#8243;][et_pb_column type=&#8221;4_4&#8243; _builder_version=&#8221;4.18.0&#8243; _module_preset=&#8221;default&#8221; global_colors_info=&#8221;{}&#8221;][et_pb_text admin_label=&#8221;Text&#8221; _builder_version=&#8221;4.27.0&#8243; _dynamic_attributes=&#8221;content&#8221; _module_preset=&#8221;c4bd9b8a-ed6e-450c-8f33-48bf2a8d605b&#8221; header_text_color=&#8221;#FFFFFF&#8221; background_size=&#8221;initial&#8221; background_position=&#8221;top_left&#8221; background_repeat=&#8221;repeat&#8221; background_layout=&#8221;dark&#8221; hover_enabled=&#8221;0&#8243; global_colors_info=&#8221;{}&#8221; sticky_enabled=&#8221;0&#8243;]@ET-DC@eyJkeW5hbWljIjp0cnVlLCJjb250ZW50IjoicG9zdF90aXRsZSIsInNldHRpbmdzIjp7ImJlZm9yZSI6IjxoMT4iLCJhZnRlciI6IjwvaDE+In19@[\/et_pb_text][\/et_pb_column][\/et_pb_row][\/et_pb_section][et_pb_section fb_built=&#8221;1&#8243; _builder_version=&#8221;4.27.0&#8243; _module_preset=&#8221;default&#8221; global_colors_info=&#8221;{}&#8221;][et_pb_row _builder_version=&#8221;4.27.0&#8243; _module_preset=&#8221;default&#8221; global_colors_info=&#8221;{}&#8221;][et_pb_column type=&#8221;4_4&#8243; _builder_version=&#8221;4.27.0&#8243; _module_preset=&#8221;default&#8221; global_colors_info=&#8221;{}&#8221;][et_pb_text _builder_version=&#8221;4.27.5&#8243; _module_preset=&#8221;default&#8221; hover_enabled=&#8221;0&#8243; global_colors_info=&#8221;{}&#8221; sticky_enabled=&#8221;0&#8243;]<\/p>\n<p><span style=\"font-weight: 400;\">La consultation du site Web (<a href=\"http:\/\/cec-belgium.org\/\">cec-belgium.org<\/a>) suppose l\u2019acceptation sans r\u00e9serves des pr\u00e9sentes conditions d\u2019utilisation.<\/span><\/p>\n<h3>\u200dDirecteur de la Publication<\/h3>\n<p><span style=\"font-weight: 400;\">Genevi\u00e8ve Tissot<\/span><\/p>\n<p><span style=\"font-weight: 400;\">CEC Belgium<\/span><\/p>\n<h3>Conception et r\u00e9alisation site Internet<\/h3>\n<p><a href=\"https:\/\/www.poush.be\/\">Poush Agence SEO &amp; Agence Web<\/a><\/p>\n<p><a tabindex=\"0\" href=\"https:\/\/www.google.com\/maps\/place\/\/data=!4m2!3m1!1s0x47c1990eace9e24f:0xed7a0495c9e17092?sa=X&amp;ved=1t:8290&amp;ictx=111\" data-url=\"\/maps\/place\/\/data=!4m2!3m1!1s0x47c1990eace9e24f:0xed7a0495c9e17092?sa=X&amp;ved=2ahUKEwi-ovHy2OKIAxVXSKQEHdxJDJcQ4kB6BAgiEAA\">Rue Henri Debehogne 8, 5330 Assesse<\/a><\/p>\n<h3>\u200dH\u00e9bergement<\/h3>\n<p><span style=\"font-weight: 400;\">Infomaniak<\/span><span style=\"font-weight: 400;\">\u200d<\/span><\/p>\n<h3>Propri\u00e9t\u00e9 intellectuelle<\/h3>\n<p><span style=\"font-weight: 400;\">La structure g\u00e9n\u00e9rale du site, ainsi que les textes, logos, graphiques, images, sons et vid\u00e9os la composant, sont la propri\u00e9t\u00e9 de la Convention des Entreprises pour le Climat (CEC) ou de ses partenaires.<\/span><\/p>\n<p><span style=\"font-weight: 400;\">La reproduction des \u00e9l\u00e9ments de ce site, y compris les documents t\u00e9l\u00e9chargeables, est soumise aux termes de la licence Creative Commons \u2014 Attribution \u2013 Pas d\u2019Utilisation Commerciale \u2013 Pas de Modification 4.0 International \u2014 CC BY-NC-ND 4.0 ce qui signifie que la CEC autorise les utilisateurs \u00e0 t\u00e9l\u00e9charger et partager librement son contenu sous r\u00e9serve que celui-ci ne soit pas modifi\u00e9 ni ne soit utilis\u00e9 \u00e0 des fins commerciales (sauf autorisation \u00e9crite de la CEC) et que la CEC soit clairement cit\u00e9e comme auteur de l\u2019\u0153uvre.<\/span><\/p>\n<p>[\/et_pb_text][\/et_pb_column][\/et_pb_row][\/et_pb_section]<\/p>\n","protected":false},"excerpt":{"rendered":"<p>La consultation du site Web (cec-belgium.org) suppose l\u2019acceptation sans r\u00e9serves des pr\u00e9sentes conditions d\u2019utilisation. \u200dDirecteur de la Publication Genevi\u00e8ve Tissot CEC Belgium Conception et r\u00e9alisation site Internet Poush Agence SEO &amp; Agence Web Rue Henri Debehogne 8, 5330 Assesse \u200dH\u00e9bergement Infomaniak\u200d Propri\u00e9t\u00e9 intellectuelle La structure g\u00e9n\u00e9rale du site, ainsi que les textes, logos, graphiques, images, sons et vid\u00e9os la composant, sont la propri\u00e9t\u00e9 de la Convention des Entreprises pour le Climat (CEC) ou de ses partenaires. La reproduction des \u00e9l\u00e9ments de ce site, y compris les documents t\u00e9l\u00e9chargeables, est soumise aux termes de la licence Creative Commons \u2014 Attribution \u2013 Pas d\u2019Utilisation Commerciale \u2013 Pas de Modification 4.0 International \u2014 CC BY-NC-ND 4.0 ce qui signifie que la CEC autorise les utilisateurs \u00e0 t\u00e9l\u00e9charger et partager librement son contenu sous r\u00e9serve que celui-ci ne soit pas modifi\u00e9 ni ne soit utilis\u00e9 \u00e0 des fins commerciales (sauf autorisation \u00e9crite de la CEC) et que la CEC soit clairement cit\u00e9e comme auteur de l\u2019\u0153uvre.<\/p>\n","protected":false},"author":1,"featured_media":0,"parent":0,"menu_order":1000,"comment_status":"closed","ping_status":"closed","template":"","meta":{"_et_pb_use_builder":"on","_et_pb_old_content":"","_et_gb_content_width":"","inline_featured_image":false,"footnotes":""},"class_list":["post-1323","page","type-page","status-publish","hentry"],"yoast_head":"<!-- This site is optimized with the Yoast SEO plugin v27.5 - https:\/\/yoast.com\/product\/yoast-seo-wordpress\/ -->\n<title>Mentions l\u00e9gales | CEC Belgium<\/title>\n<meta name=\"robots\" content=\"index, follow, max-snippet:-1, max-image-preview:large, max-video-preview:-1\" \/>\n<link rel=\"canonical\" href=\"https:\/\/www.cec-belgium.org\/mentions-legales\/\" \/>\n<meta property=\"og:locale\" content=\"nl_NL\" \/>\n<meta property=\"og:type\" content=\"article\" \/>\n<meta property=\"og:title\" content=\"Mentions l\u00e9gales | CEC Belgium\" \/>\n<meta property=\"og:description\" content=\"La consultation du site Web (cec-belgium.org) suppose l\u2019acceptation sans r\u00e9serves des pr\u00e9sentes conditions d\u2019utilisation. \u200dDirecteur de la Publication Genevi\u00e8ve Tissot CEC Belgium Conception et r\u00e9alisation site Internet Poush Agence SEO &amp; Agence Web Rue Henri Debehogne 8, 5330 Assesse \u200dH\u00e9bergement Infomaniak\u200d Propri\u00e9t\u00e9 intellectuelle La structure g\u00e9n\u00e9rale du site, ainsi que les textes, logos, graphiques, images, sons et vid\u00e9os la composant, sont la propri\u00e9t\u00e9 de la Convention des Entreprises pour le Climat (CEC) ou de ses partenaires. La reproduction des \u00e9l\u00e9ments de ce site, y compris les documents t\u00e9l\u00e9chargeables, est soumise aux termes de la licence Creative Commons \u2014 Attribution \u2013 Pas d\u2019Utilisation Commerciale \u2013 Pas de Modification 4.0 International \u2014 CC BY-NC-ND 4.0 ce qui signifie que la CEC autorise les utilisateurs \u00e0 t\u00e9l\u00e9charger et partager librement son contenu sous r\u00e9serve que celui-ci ne soit pas modifi\u00e9 ni ne soit utilis\u00e9 \u00e0 des fins commerciales (sauf autorisation \u00e9crite de la CEC) et que la CEC soit clairement cit\u00e9e comme auteur de l\u2019\u0153uvre.\" \/>\n<meta property=\"og:url\" content=\"https:\/\/www.cec-belgium.org\/mentions-legales\/\" \/>\n<meta property=\"og:site_name\" content=\"CEC Belgium\" \/>\n<meta property=\"article:modified_time\" content=\"2026-03-03T08:41:39+00:00\" \/>\n<meta name=\"twitter:card\" content=\"summary_large_image\" \/>\n<script type=\"application\/ld+json\" class=\"yoast-schema-graph\">{\"@context\":\"https:\\\/\\\/schema.org\",\"@graph\":[{\"@type\":\"WebPage\",\"@id\":\"https:\\\/\\\/www.cec-belgium.org\\\/mentions-legales\\\/\",\"url\":\"https:\\\/\\\/www.cec-belgium.org\\\/mentions-legales\\\/\",\"name\":\"Mentions l\u00e9gales | CEC Belgium\",\"isPartOf\":{\"@id\":\"https:\\\/\\\/www.cec-belgium.org\\\/#website\"},\"datePublished\":\"2022-08-19T12:10:33+00:00\",\"dateModified\":\"2026-03-03T08:41:39+00:00\",\"breadcrumb\":{\"@id\":\"https:\\\/\\\/www.cec-belgium.org\\\/mentions-legales\\\/#breadcrumb\"},\"inLanguage\":\"nl-NL\",\"potentialAction\":[{\"@type\":\"ReadAction\",\"target\":[\"https:\\\/\\\/www.cec-belgium.org\\\/mentions-legales\\\/\"]}]},{\"@type\":\"BreadcrumbList\",\"@id\":\"https:\\\/\\\/www.cec-belgium.org\\\/mentions-legales\\\/#breadcrumb\",\"itemListElement\":[{\"@type\":\"ListItem\",\"position\":1,\"name\":\"Accueil\",\"item\":\"https:\\\/\\\/www.cec-belgium.org\\\/nl\\\/\"},{\"@type\":\"ListItem\",\"position\":2,\"name\":\"Mentions l\u00e9gales\"}]},{\"@type\":\"WebSite\",\"@id\":\"https:\\\/\\\/www.cec-belgium.org\\\/#website\",\"url\":\"https:\\\/\\\/www.cec-belgium.org\\\/\",\"name\":\"CEC Belgium\",\"description\":\"\",\"potentialAction\":[{\"@type\":\"SearchAction\",\"target\":{\"@type\":\"EntryPoint\",\"urlTemplate\":\"https:\\\/\\\/www.cec-belgium.org\\\/?s={search_term_string}\"},\"query-input\":{\"@type\":\"PropertyValueSpecification\",\"valueRequired\":true,\"valueName\":\"search_term_string\"}}],\"inLanguage\":\"nl-NL\"}]}<\/script>\n<!-- \/ Yoast SEO plugin. -->","yoast_head_json":{"title":"Mentions l\u00e9gales | CEC Belgium","robots":{"index":"index","follow":"follow","max-snippet":"max-snippet:-1","max-image-preview":"max-image-preview:large","max-video-preview":"max-video-preview:-1"},"canonical":"https:\/\/www.cec-belgium.org\/mentions-legales\/","og_locale":"nl_NL","og_type":"article","og_title":"Mentions l\u00e9gales | CEC Belgium","og_description":"La consultation du site Web (cec-belgium.org) suppose l\u2019acceptation sans r\u00e9serves des pr\u00e9sentes conditions d\u2019utilisation. \u200dDirecteur de la Publication Genevi\u00e8ve Tissot CEC Belgium Conception et r\u00e9alisation site Internet Poush Agence SEO &amp; Agence Web Rue Henri Debehogne 8, 5330 Assesse \u200dH\u00e9bergement Infomaniak\u200d Propri\u00e9t\u00e9 intellectuelle La structure g\u00e9n\u00e9rale du site, ainsi que les textes, logos, graphiques, images, sons et vid\u00e9os la composant, sont la propri\u00e9t\u00e9 de la Convention des Entreprises pour le Climat (CEC) ou de ses partenaires. La reproduction des \u00e9l\u00e9ments de ce site, y compris les documents t\u00e9l\u00e9chargeables, est soumise aux termes de la licence Creative Commons \u2014 Attribution \u2013 Pas d\u2019Utilisation Commerciale \u2013 Pas de Modification 4.0 International \u2014 CC BY-NC-ND 4.0 ce qui signifie que la CEC autorise les utilisateurs \u00e0 t\u00e9l\u00e9charger et partager librement son contenu sous r\u00e9serve que celui-ci ne soit pas modifi\u00e9 ni ne soit utilis\u00e9 \u00e0 des fins commerciales (sauf autorisation \u00e9crite de la CEC) et que la CEC soit clairement cit\u00e9e comme auteur de l\u2019\u0153uvre.","og_url":"https:\/\/www.cec-belgium.org\/mentions-legales\/","og_site_name":"CEC Belgium","article_modified_time":"2026-03-03T08:41:39+00:00","twitter_card":"summary_large_image","schema":{"@context":"https:\/\/schema.org","@graph":[{"@type":"WebPage","@id":"https:\/\/www.cec-belgium.org\/mentions-legales\/","url":"https:\/\/www.cec-belgium.org\/mentions-legales\/","name":"Mentions l\u00e9gales | CEC Belgium","isPartOf":{"@id":"https:\/\/www.cec-belgium.org\/#website"},"datePublished":"2022-08-19T12:10:33+00:00","dateModified":"2026-03-03T08:41:39+00:00","breadcrumb":{"@id":"https:\/\/www.cec-belgium.org\/mentions-legales\/#breadcrumb"},"inLanguage":"nl-NL","potentialAction":[{"@type":"ReadAction","target":["https:\/\/www.cec-belgium.org\/mentions-legales\/"]}]},{"@type":"BreadcrumbList","@id":"https:\/\/www.cec-belgium.org\/mentions-legales\/#breadcrumb","itemListElement":[{"@type":"ListItem","position":1,"name":"Accueil","item":"https:\/\/www.cec-belgium.org\/nl\/"},{"@type":"ListItem","position":2,"name":"Mentions l\u00e9gales"}]},{"@type":"WebSite","@id":"https:\/\/www.cec-belgium.org\/#website","url":"https:\/\/www.cec-belgium.org\/","name":"CEC Belgium","description":"","potentialAction":[{"@type":"SearchAction","target":{"@type":"EntryPoint","urlTemplate":"https:\/\/www.cec-belgium.org\/?s={search_term_string}"},"query-input":{"@type":"PropertyValueSpecification","valueRequired":true,"valueName":"search_term_string"}}],"inLanguage":"nl-NL"}]}},"_links":{"self":[{"href":"https:\/\/www.cec-belgium.org\/nl\/wp-json\/wp\/v2\/pages\/1323","targetHints":{"allow":["GET"]}}],"collection":[{"href":"https:\/\/www.cec-belgium.org\/nl\/wp-json\/wp\/v2\/pages"}],"about":[{"href":"https:\/\/www.cec-belgium.org\/nl\/wp-json\/wp\/v2\/types\/page"}],"author":[{"embeddable":true,"href":"https:\/\/www.cec-belgium.org\/nl\/wp-json\/wp\/v2\/users\/1"}],"replies":[{"embeddable":true,"href":"https:\/\/www.cec-belgium.org\/nl\/wp-json\/wp\/v2\/comments?post=1323"}],"version-history":[{"count":3,"href":"https:\/\/www.cec-belgium.org\/nl\/wp-json\/wp\/v2\/pages\/1323\/revisions"}],"predecessor-version":[{"id":2606,"href":"https:\/\/www.cec-belgium.org\/nl\/wp-json\/wp\/v2\/pages\/1323\/revisions\/2606"}],"wp:attachment":[{"href":"https:\/\/www.cec-belgium.org\/nl\/wp-json\/wp\/v2\/media?parent=1323"}],"curies":[{"name":"wp","href":"https:\/\/api.w.org\/{rel}","templated":true}]}}